{"id":8,"date":"2021-03-14T10:00:49","date_gmt":"2021-03-14T10:00:49","guid":{"rendered":"https:\/\/securityanalysis.fi\/?page_id=8"},"modified":"2021-03-31T14:39:53","modified_gmt":"2021-03-31T14:39:53","slug":"etusivu","status":"publish","type":"page","link":"https:\/\/securityanalysis.fi\/","title":{"rendered":"Etusivu"},"content":{"rendered":"\n<div class=\"wp-block-cover alignfull has-background-dim has-background-gradient\" style=\"background:linear-gradient(45deg,rgb(29,32,72) 0%,rgb(41,92,132) 100%);min-height:200px;aspect-ratio:unset;\"><div class=\"wp-block-cover__inner-container is-layout-flow wp-block-cover-is-layout-flow\">\n<h1 class=\"alignwide has-text-align-center wp-block-heading\">Security Analysis <img decoding=\"async\" width=\"140px\" src=\"https:\/\/securityanalysis.fi\/wp-content\/uploads\/2021\/03\/SecAn-logo-white.png\"><\/h1>\n\n\n\n<p class=\"has-text-align-center has-medium-font-size\">Yrityksemme tuottaa laadukkaita analyyseja ja tiiviit\u00e4 selvityksi\u00e4 asiakkaan tarpeeseen.<\/p>\n\n\n\n<div class=\"wp-block-buttons is-content-justification-center is-layout-flex wp-block-buttons-is-layout-flex\">\n<div class=\"wp-block-button\"><a class=\"wp-block-button__link has-white-background-color has-background\" href=\"#ota-yhteytta\">Ota yhteytt\u00e4<\/a><\/div>\n\n\n\n<div class=\"wp-block-button is-style-outline is-style-outline--1\"><a class=\"wp-block-button__link has-white-color has-text-color\" href=\"#tuotteet\">Tuotteet<\/a><\/div>\n<\/div>\n\n\n\n<h5 class=\"has-text-align-center wp-block-heading\">Asiakkaitamme:<\/h5>\n\n\n\n<figure class=\"wp-block-gallery alignwide columns-5  is-style-tw-img-frame tw-gutter-large wp-block-gallery-2 is-layout-flex wp-block-gallery-is-layout-flex\"><ul class=\"blocks-gallery-grid\"><li class=\"blocks-gallery-item\"><figure><img loading=\"lazy\" decoding=\"async\" width=\"300\" height=\"61\" src=\"https:\/\/securityanalysis.fi\/wp-content\/uploads\/2021\/03\/vnklogo_fi-300x61.png\" alt=\"\" data-id=\"65\" data-link=\"https:\/\/securityanalysis.fi\/index.php\/etusivu\/vnklogo_fi\/\" class=\"wp-image-65\" srcset=\"https:\/\/securityanalysis.fi\/wp-content\/uploads\/2021\/03\/vnklogo_fi-300x61.png 300w, https:\/\/securityanalysis.fi\/wp-content\/uploads\/2021\/03\/vnklogo_fi.png 573w\" sizes=\"auto, (max-width: 300px) 100vw, 300px\" \/><\/figure><\/li><li class=\"blocks-gallery-item\"><figure><img loading=\"lazy\" decoding=\"async\" width=\"278\" height=\"185\" src=\"https:\/\/securityanalysis.fi\/wp-content\/uploads\/2021\/03\/act_logo_rebranding.png\" alt=\"\" data-id=\"66\" data-link=\"https:\/\/securityanalysis.fi\/index.php\/etusivu\/act_logo_rebranding\/\" class=\"wp-image-66\"\/><\/figure><\/li><li class=\"blocks-gallery-item\"><figure><img loading=\"lazy\" decoding=\"async\" width=\"192\" height=\"120\" src=\"https:&#x2f;&#47;s&#x65;&#99;&#117;&#x72;&#x69;&#116;y&#x61;&#110;a&#x6c;&#x79;&#115;i&#x73;&#46;f&#x69;&#x2f;&#119;p&#x2d;&#99;o&#x6e;&#x74;&#101;n&#x74;&#47;u&#x70;&#x6c;&#111;&#x61;&#x64;&#115;\/&#x32;&#48;2&#x31;&#x2f;&#48;3&#x2f;&#105;i&#x73;&#x73;&#45;b&#x6c;&#117;e&#x40;&#x33;&#120;&#46;&#x70;&#110;g\" alt=\"\" data-id=\"68\" data-link=\"https:\/\/securityanalysis.fi\/index.php\/etusivu\/iiss-blue3x\/\" class=\"wp-image-68\"\/><\/figure><\/li><li class=\"blocks-gallery-item\"><figure><img loading=\"lazy\" decoding=\"async\" width=\"300\" height=\"93\" src=\"https:\/\/securityanalysis.fi\/wp-content\/uploads\/2021\/03\/eukomissio.png\" alt=\"\" data-id=\"67\" data-link=\"https:\/\/securityanalysis.fi\/index.php\/etusivu\/eukomissio\/\" class=\"wp-image-67\"\/><\/figure><\/li><li class=\"blocks-gallery-item\"><figure><img loading=\"lazy\" decoding=\"async\" width=\"300\" height=\"81\" src=\"https:\/\/securityanalysis.fi\/wp-content\/uploads\/2021\/03\/FHS_logo_white-1-300x81.png\" alt=\"\" data-id=\"74\" data-full-url=\"https:\/\/securityanalysis.fi\/wp-content\/uploads\/2021\/03\/FHS_logo_white-1.png\" data-link=\"https:\/\/securityanalysis.fi\/index.php\/etusivu\/fhs_logo_white-1\/\" class=\"wp-image-74\" srcset=\"https:\/\/securityanalysis.fi\/wp-content\/uploads\/2021\/03\/FHS_logo_white-1-300x81.png 300w, https:\/\/securityanalysis.fi\/wp-content\/uploads\/2021\/03\/FHS_logo_white-1.png 400w\" sizes=\"auto, (max-width: 300px) 100vw, 300px\" \/><\/figure><\/li><\/ul><\/figure>\n\n\n\n<p><\/p>\n<\/div><\/div>\n\n\n\n<div class=\"wp-block-group alignfull has-background\" style=\"background-color:#f7f7f7\"><div class=\"wp-block-group__inner-container is-layout-flow wp-block-group-is-layout-flow\">\n<p class=\"has-text-align-center tw-text-wide has-medium-font-size\">Laatimamme analyysit ja selvitykset k\u00e4sittelev\u00e4t organisaatioon, valtioon tai kansainv\u00e4liseen toimijaan liittyvi\u00e4 poliittisia, sotilaallisia ja taloudellisia teemoja. Analyyseja ja selvityksi\u00e4 laaditaan niin \u201dikuisista\u201d ongelmista, kuten suurvaltakilpailu ja It\u00e4meren turvallisuuskehitys, kuin my\u00f6s ratkaisemattomista ongelmista, joista esimerkkin\u00e4 ilmastonmuutoksen turvallisuusvaikutukset Suomelle.<\/p>\n<\/div><\/div>\n\n\n\n<div class=\"wp-block-group alignfull\"><div class=\"wp-block-group__inner-container is-layout-flow wp-block-group-is-layout-flow\">\n<div class=\"wp-block-columns alignwide is-layout-flex wp-container-core-columns-is-layout-d0b3c9c8 wp-block-columns-is-layout-flex\">\n<div class=\"wp-block-column is-layout-flow wp-block-column-is-layout-flow\">\n<p class=\"has-text-align-left\">Tarjoamme asiakkaillemme juuri heille r\u00e4\u00e4t\u00e4l\u00f6ity\u00e4 tutkimustietoa esimerkiksi kansainv\u00e4listen suhteiden muutoksista tai ulko-, turvallisuus- ja puolustuspolitiikkaan liittyv\u00e4st\u00e4 kehityksest\u00e4. Asiakkaamme ty\u00f6skentelev\u00e4t tutkimuslaitoksille, yliopistoille, valtioille ja monikansallisille turvallisuusorganisaatioille sek\u00e4 yksityiselle sektorille ja liike-el\u00e4m\u00e4n toimijoille. Henkil\u00f6in\u00e4 he ovat oman alansa asiantuntijoita, joten keskin\u00e4inen luottamus ja avoin vuorovaikutus ovat ensiarvoisen t\u00e4rkeit\u00e4.<\/p>\n<\/div>\n\n\n\n<div class=\"wp-block-column is-layout-flow wp-block-column-is-layout-flow\">\n<p class=\"has-text-align-left\"><\/p>\n\n\n\n<div class=\"wp-block-image\"><figure class=\"aligncenter size-full\"><img loading=\"lazy\" decoding=\"async\" width=\"222\" height=\"264\" src=\"https:\/\/securityanalysis.fi\/wp-content\/uploads\/2021\/03\/SecAn-logo-22.3.2021.png\" alt=\"\" class=\"wp-image-77\"\/><\/figure><\/div>\n\n\n\n<p><\/p>\n<\/div>\n<\/div>\n\n\n\n<div class=\"wp-block-columns alignwide is-layout-flex wp-container-core-columns-is-layout-d0b3c9c8 wp-block-columns-is-layout-flex\">\n<div class=\"wp-block-column is-layout-flow wp-block-column-is-layout-flow\"><\/div>\n\n\n\n<div class=\"wp-block-column is-layout-flow wp-block-column-is-layout-flow\">\n<p>Asiakkaamme hy\u00f6tyv\u00e4t yrityksemme laajasta turvallisuustutkimuksen ja yksityisen sektorin verkostosta, joustavasta toimintatavastamme ja luottamuksellisiin henkil\u00f6suhteisiin perustuvasta ty\u00f6skentelymallista. Autamme asiakasta m\u00e4\u00e4ritt\u00e4m\u00e4\u00e4n sen mit\u00e4 h\u00e4n tarvitsee, jonka pohjalta tuotetaan toimeksiannon mukainen analyysi laadukkaasti, luotettavasti ja kohtuullisella hinnalla.&nbsp;<\/p>\n<\/div>\n<\/div>\n<\/div><\/div>\n\n\n\n<div class=\"wp-block-group alignfull has-subtle-background-color has-background\"><div class=\"wp-block-group__inner-container is-layout-flow wp-block-group-is-layout-flow\">\n<h4 class=\"alignwide has-text-align-center wp-block-heading\">Lopputuotteemme laaditaan akateemisen tutkimuksen periaatteita ja kriteerej\u00e4 asiakaskohtaisesti soveltaen.&nbsp;<\/h4>\n\n\n\n<p><\/p>\n<\/div><\/div>\n\n\n\n<div class=\"wp-block-group alignfull\"><div class=\"wp-block-group__inner-container is-layout-flow wp-block-group-is-layout-flow\">\n<p class=\"has-text-align-center tw-text-wide\">Viiden toimintavuoden aikana Security Analysis Oy on toimittanut analyyseja, selvityksi\u00e4 ja esityksi\u00e4 eri muodoissa monille tahoille, kuten Valtionneuvoston kanslialle sek\u00e4 sen ministeri\u00f6ille ja keskusviranomaisille, julkisen sektorin tutkimuslaitoksille sek\u00e4 yksityisen sektorin yrityksille ja yhdistyksille. Ulkomailla asiakkaitamme ovat muun muassa Naton Transformaatioesikunta (ACT), EU:n komissio, Britanniassa puolustushallinto ja Military Balance (IISS) sek\u00e4 Ruotsissa F\u00f6rsvarsh\u00f6gskolan.&nbsp;Esimerkkej\u00e4 julkisista analyyseista ja selvityksist\u00e4 on \u201dTuotteet\u201d-valikossa, josta l\u00f6ytyv\u00e4t my\u00f6s linkit tuotteisiimme.&nbsp;<\/p>\n<\/div><\/div>\n\n\n\n<div class=\"wp-block-group alignfull\"><div class=\"wp-block-group__inner-container is-layout-flow wp-block-group-is-layout-flow\">\n<div class=\"wp-block-media-text alignwide is-stacked-on-mobile is-style-default has-subtle-background-color has-background\" style=\"grid-template-columns:36% auto\" id=\"ota-yhteytta\"><figure class=\"wp-block-media-text__media\"><img loading=\"lazy\" decoding=\"async\" width=\"799\" height=\"1202\" src=\"https:\/\/securityanalysis.fi\/wp-content\/uploads\/2021\/03\/DSC_5421_small.jpg\" alt=\"\" class=\"wp-image-28 size-full\" srcset=\"https:\/\/securityanalysis.fi\/wp-content\/uploads\/2021\/03\/DSC_5421_small.jpg 799w, https:\/\/securityanalysis.fi\/wp-content\/uploads\/2021\/03\/DSC_5421_small-199x300.jpg 199w, https:\/\/securityanalysis.fi\/wp-content\/uploads\/2021\/03\/DSC_5421_small-681x1024.jpg 681w, https:\/\/securityanalysis.fi\/wp-content\/uploads\/2021\/03\/DSC_5421_small-768x1155.jpg 768w\" sizes=\"auto, (max-width: 799px) 100vw, 799px\" \/><\/figure><div class=\"wp-block-media-text__content\">\n<h3 class=\"wp-block-heading\">Yhteystiedot<\/h3>\n\n\n\n<p class=\"has-medium-font-size\">Juha Pyyk\u00f6nen<\/p>\n\n\n\n<p class=\"has-medium-font-size\"><em>Turvallisuustutkija, valtiotieteiden lisensiaatti, prikaatikenraali (evp)<\/em><\/p>\n\n\n\n<p class=\"has-medium-font-size\">j&#117;&#104;&#x61;&#x2e;p&#121;&#121;&#x6b;&#x6f;&#x6e;e&#110;&#64;&#x73;&#x65;ca&#110;&#x2e;&#x66;&#x69;<\/p>\n\n\n\n<p class=\"has-medium-font-size\">+358 400 918 191<\/p>\n\n\n\n<p class=\"has-medium-font-size\">Security Analysis Oy, Linnankatu 36, Turku 20100<\/p>\n\n\n\n<p class=\"has-medium-font-size\"><\/p>\n<\/div><\/div>\n<\/div><\/div>\n\n\n\n<div class=\"wp-block-uagb-advanced-heading uagb-block-5f8df456\" id=\"tuotteet\"><h3 class=\"uagb-heading-text\">Tuotteet<\/h3><div class=\"uagb-separator-wrap\"><div class=\"uagb-separator\"><\/div><\/div><p class=\"uagb-desc-text\">Julkaistuja analyyseja sek\u00e4 selvityksi\u00e4<\/p><\/div>\n\n\n\n<p class=\"has-text-align-center tw-text-wide has-small-font-size\">(<a href=\"https:\/\/www.linkedin.com\/in\/juha-pyyk\u00f6nen-8205665\/\">tarkemmat tiedot<\/a> l\u00f6yd\u00e4t LinkedIn-sivulta)<\/p>\n\n\n\n<div class=\"wp-block-uagb-advanced-heading uagb-block-4088b8bf uagb-heading-text\"><h5 class=\"uagb-heading-text\"><strong><em>Selvitys kriisinhallinnan vaikuttavuuden arviointimallista ja arviointikriteereist\u00e4.<\/em><\/strong> <\/h5><p class=\"uagb-desc-text\">VNK:n julkaisu 2020\/2, pysyv\u00e4 osoite on <a href=\"http:\/\/urn.fi\/URN:NBN:fi-fe2020111189997\">http:\/\/urn.fi\/URN:NBN:fi-fe2020111189997<\/a><\/p><\/div>\n\n\n\n<hr class=\"wp-block-separator\"\/>\n\n\n\n<div class=\"wp-block-uagb-advanced-heading uagb-block-1f59ab65 uagb-heading-text\"><h5 class=\"uagb-heading-text\"><strong><em>Govorit Moskva &#8211; Moskova puhuu. Ven\u00e4j\u00e4n strategisen viestinn\u00e4n erityispiirteet.<\/em><\/strong><\/h5><p class=\"uagb-desc-text\">VNK:n julkaisu 2020:16, pysyv\u00e4 osoite on <a href=\"http:\/\/urn.fi\/URN:ISBN:978-952-287-944-8\">http:\/\/urn.fi\/URN:ISBN:978-952-287-944-8<\/a><\/p><\/div>\n\n\n\n<hr class=\"wp-block-separator\"\/>\n\n\n\n<h5 class=\"wp-block-heading\"><em>Deterrence in the Nordic-Baltic Region<\/em><\/h5>\n\n\n\n<p class=\"has-normal-font-size\">publication date Jun 4, 2019, United States Army War College, Strategic Studies Institute (USAWC, SSI), available at <a href=\"https:\/\/publications.armywarcollege.edu\/pubs\/3699.pdf\">https:\/\/publications.armywarcollege.edu\/pubs\/3699.pdf<\/a><\/p>\n\n\n\n<h5 class=\"wp-block-heading\"><em>A Stronger North?<\/em><\/h5>\n\n\n\n<p class=\"has-normal-font-size\">publication date 2018, The Prime Minister&#8217; Office, The Government of Finland, available at <a href=\"http:\/\/urn.fi\/URN:ISBN:978-952-287-542-6\">http:\/\/urn.fi\/URN:ISBN:978-952-287-542-6<\/a><\/p>\n\n\n\n<h5 class=\"wp-block-heading\"><em>Nordic Partners of NATO. How similar are Finland and Sweden within NATO cooperation?<\/em><\/h5>\n\n\n\n<p class=\"has-normal-font-size\">publication date Oct 7, 2016, The Finnish Institute of International Affairs, FIIA, Helsinki, available at <a href=\"https:\/\/www.fiia.fi\/julkaisu\/nordic-partners-of-nato\">https:\/\/www.fiia.fi\/julkaisu\/nordic-partners-of-nato<\/a><\/p>\n","protected":false},"excerpt":{"rendered":"<p>Laatimamme analyysit ja selvitykset k\u00e4sittelev\u00e4t organisaatioon, valtioon tai kansainv\u00e4liseen toimijaan liittyvi\u00e4 poliittisia, sotilaallisia ja taloudellisia teemoja. Analyyseja ja selvityksi\u00e4 laaditaan niin \u201dikuisista\u201d ongelmista, kuten suurvaltakilpailu ja It\u00e4meren turvallisuuskehitys, kuin my\u00f6s ratkaisemattomista ongelmista, joista esimerkkin\u00e4 ilmastonmuutoksen turvallisuusvaikutukset Suomelle. Tarjoamme asiakkaillemme juuri heille r\u00e4\u00e4t\u00e4l\u00f6ity\u00e4 tutkimustietoa esimerkiksi kansainv\u00e4listen suhteiden muutoksista tai ulko-, turvallisuus- ja puolustuspolitiikkaan liittyv\u00e4st\u00e4 kehityksest\u00e4. Asiakkaamme&hellip; <a class=\"more-link\" href=\"https:\/\/securityanalysis.fi\/\">Continue reading <span class=\"screen-reader-text\">Etusivu<\/span><\/a><\/p>\n","protected":false},"author":1,"featured_media":0,"parent":0,"menu_order":0,"comment_status":"closed","ping_status":"closed","template":"tw-header-transparent-light.php","meta":{"_uag_custom_page_level_css":"","footnotes":""},"class_list":["post-8","page","type-page","status-publish","hentry","entry"],"uagb_featured_image_src":{"full":false,"thumbnail":false,"medium":false,"medium_large":false,"large":false,"1536x1536":false,"2048x2048":false,"post-thumbnail":false},"uagb_author_info":{"display_name":"krokotiili","author_link":"https:\/\/securityanalysis.fi\/index.php\/author\/krokotiili\/"},"uagb_comment_info":0,"uagb_excerpt":"Laatimamme analyysit ja selvitykset k\u00e4sittelev\u00e4t organisaatioon, valtioon tai kansainv\u00e4liseen toimijaan liittyvi\u00e4 poliittisia, sotilaallisia ja taloudellisia teemoja. Analyyseja ja selvityksi\u00e4 laaditaan niin \u201dikuisista\u201d ongelmista, kuten suurvaltakilpailu ja It\u00e4meren turvallisuuskehitys, kuin my\u00f6s ratkaisemattomista ongelmista, joista esimerkkin\u00e4 ilmastonmuutoksen turvallisuusvaikutukset Suomelle. Tarjoamme asiakkaillemme juuri heille r\u00e4\u00e4t\u00e4l\u00f6ity\u00e4 tutkimustietoa esimerkiksi kansainv\u00e4listen suhteiden muutoksista tai ulko-, turvallisuus- ja puolustuspolitiikkaan liittyv\u00e4st\u00e4 kehityksest\u00e4. Asiakkaamme&hellip;&hellip;","_links":{"self":[{"href":"https:\/\/securityanalysis.fi\/index.php\/wp-json\/wp\/v2\/pages\/8","targetHints":{"allow":["GET"]}}],"collection":[{"href":"https:\/\/securityanalysis.fi\/index.php\/wp-json\/wp\/v2\/pages"}],"about":[{"href":"https:\/\/securityanalysis.fi\/index.php\/wp-json\/wp\/v2\/types\/page"}],"author":[{"embeddable":true,"href":"https:\/\/securityanalysis.fi\/index.php\/wp-json\/wp\/v2\/users\/1"}],"replies":[{"embeddable":true,"href":"https:\/\/securityanalysis.fi\/index.php\/wp-json\/wp\/v2\/comments?post=8"}],"version-history":[{"count":44,"href":"https:\/\/securityanalysis.fi\/index.php\/wp-json\/wp\/v2\/pages\/8\/revisions"}],"predecessor-version":[{"id":93,"href":"https:\/\/securityanalysis.fi\/index.php\/wp-json\/wp\/v2\/pages\/8\/revisions\/93"}],"wp:attachment":[{"href":"https:\/\/securityanalysis.fi\/index.php\/wp-json\/wp\/v2\/media?parent=8"}],"curies":[{"name":"wp","href":"https:\/\/api.w.org\/{rel}","templated":true}]}}